{"id":3629,"date":"2021-10-16T15:24:59","date_gmt":"2021-10-16T13:24:59","guid":{"rendered":"https:\/\/beirut-barcelona.com\/aviso-legal\/"},"modified":"2025-05-16T17:14:18","modified_gmt":"2025-05-16T15:14:18","slug":"aviso-legal","status":"publish","type":"page","link":"https:\/\/beirut-barcelona.com\/es\/aviso-legal\/","title":{"rendered":"Aviso Legal"},"content":{"rendered":"\t\t<div data-elementor-type=\"wp-page\" data-elementor-id=\"3629\" class=\"elementor elementor-3629 elementor-492\" data-elementor-post-type=\"page\">\n\t\t\t\t<div class=\"elementor-element elementor-element-13cfb46 e-flex e-con-boxed e-con e-parent\" data-id=\"13cfb46\" data-element_type=\"container\" data-e-type=\"container\">\n\t\t\t\t\t<div class=\"e-con-inner\">\n\t\t\t\t<div class=\"elementor-element elementor-element-1b3c5e4 elementor-widget elementor-widget-heading\" data-id=\"1b3c5e4\" data-element_type=\"widget\" data-e-type=\"widget\" data-widget_type=\"heading.default\">\n\t\t\t\t<div class=\"elementor-widget-container\">\n\t\t\t\t\t<h1 class=\"elementor-heading-title elementor-size-default\"><b>AVISO LEGAL<\/b><\/h1>\t\t\t\t<\/div>\n\t\t\t\t<\/div>\n\t\t\t\t<div class=\"elementor-element elementor-element-2404b7b elementor-widget elementor-widget-text-editor\" data-id=\"2404b7b\" data-element_type=\"widget\" data-e-type=\"widget\" data-widget_type=\"text-editor.default\">\n\t\t\t\t<div class=\"elementor-widget-container\">\n\t\t\t\t\t\t\t\t\t<p>Este Aviso Legal tiene el objetivo de informarte de tus derechos y obligaciones como usuario de este sitio web. Aqu\u00ed encontrar\u00e1s toda la informaci\u00f3n que necesitas sobre este sitio web, su actividad, los datos personales que recoge y su finalidad, as\u00ed como las normas de uso que regulan el uso de esta web.<\/p><p>En el momento en que accedas a este sitio web<strong> www.beirut-barcelona.com<\/strong> <b>, asumas la condici\u00f3n de usuario, por lo que el contenido de este Aviso Legal te afecta directamente.<\/b> Por eso, es importante que lo leas para deshacer cualquier duda que puedas tener y tener conocimiento de causa sobre las condiciones que est\u00e1s aceptando.<\/p><p>Para empezar, debes saber que este sitio web cumple con las normativas vigentes en materia de protecci\u00f3n de datos, con el objetivo de proporcionarte las garant\u00edas, seguridad y transparencia que, como usuario, te corresponden, a la hora de utilizar esta web.<\/p><p>El <b>RGPD<\/b> ( <b>Reglamento (UE) 2016\/679 del Parlamento Europeo y del Consejo de 27 de abril de 2016 relativo a la protecci\u00f3n de las personas f\u00edsicas<\/b> ) que es la nueva normativa de la Uni\u00f3n Europea que unifica la regulaci\u00f3n del tratamiento de los datos personales en los diferentes pa\u00edses de la UE.<\/p><p>La <b>LOPDGDD<\/b> ( <b>Ley org\u00e1nica 3\/2018, de 3 de diciembre, de protecci\u00f3n de datos personales<\/b> y <b>Real decreto 1720\/2007, de 21 de diciembre, el Reglamento de desarrollo de la LOPD<\/b> ) que regula el tratamiento de los datos personales y las obligaciones que debemos asumir los responsables de una web o un blog a la hora.<\/p><p>La <b>LSSI<\/b> ( <b>Ley 34\/2002, de 11 de julio, de Servicios de la Sociedad de la Informaci\u00f3n y Comercio Electr\u00f3nico<\/b> ) que regula las transacciones econ\u00f3micas mediante medios electr\u00f3nicos, como es el caso de este blog.<\/p><p><b>DATOS DE IDENTIFICACI\u00d3N<\/b><\/p><p>El responsable y titular de este sitio web es  <strong> HADDAD GRAU SL<\/strong><\/p><ul><li><b>Nombre:<\/b>  HADDAD GRAU SL<\/li><li><b>NIF:<\/b>  B75633701<\/li><li><b>Domicilio Social:<\/b>  Travessera de les Corts, 283 08014, Barcelona<\/li><li><b>Actividad del sitio web<\/b> : distribuci\u00f3n de contenido relacionado con<strong> HADDAD GRAU SL<\/strong> , muestra de publicidad, y recomendaci\u00f3n de productos de afiliado.<\/li><li><b>Correo electr\u00f3nico<\/b> :  catering@beirut-barcelona.com<\/li><\/ul><p>Los datos que nos facilites con tu consentimiento, y de acuerdo con el uso establecido en nuestra Pol\u00edtica de Privacidad, ser\u00e1n incorporados a un fichero automatizado, en el que el responsable de este archivo es:<strong> HADDAD GRAU SL<\/strong><b> <\/b>Esto significa que tus datos est\u00e1n seguros, de acuerdo con lo que establece la ley.<\/p><p><b>NORMAS DE ACCESO AL SITIO WEB<\/b><\/p><p>Como usuario de nuestra web, tambi\u00e9n tienes una serie de obligaciones:<\/p><p>No podr\u00e1s utilizar este sitio web para la realizaci\u00f3n de actividades contrarias a las leyes, a la moral, al orden p\u00fablico y, en general, a realizar un uso conforme a las condiciones establecidas en el presente Aviso Legal.<\/p><p>No podr\u00e1s realizar actividades publicitarias o de explotaci\u00f3n comercial remitiendo mensajes que utilicen una identidad falsa.<\/p><p>T\u00fa ser\u00e1s el \u00fanico responsable de la veracidad y exactitud de los contenidos que introduzcas en esta web y de los datos personales que nos facilites con los fines previstos en nuestra Pol\u00edtica de Privacidad.<\/p><p>Tambi\u00e9n ser\u00e1s el \u00fanico responsable de la realizaci\u00f3n de cualquier tipo de actuaci\u00f3n il\u00edcita, lesiva de derechos, da\u00f1ina y\/o perjudicial en los sitios de terceros a los que te podamos derivar desde este sitio web para el desarrollo de nuestra actividad.<\/p><p>Como responsable del sitio web,<strong> HADDAD GRAU SL<\/strong> podr\u00e1 interrumpir el servicio de la p\u00e1gina que est\u00e9 siendo utilizado por el usuario y resolver de forma inmediata la relaci\u00f3n si detecta un uso de la web o de cualquiera de los servicios ofrecidos en ella que se pueda considerar contrario a lo expresado en este Aviso Legal.<\/p><p><b>PROPIEDAD INTELECTUAL E INDUSTRIAL<\/b><\/p><p>La totalidad de este sitio web (texto, im\u00e1genes, marcas, gr\u00e1ficos, logotipos, botones, archivos de software, combinaciones de colores, as\u00ed como la estructura, selecci\u00f3n, ordenaci\u00f3n y presentaci\u00f3n de sus contenidos) est\u00e1 protegida por las leyes vigentes sobre Propiedad Intelectual e Industrial, quedando prohibida su reproducci\u00f3n, distribuci\u00f3n, comunicaci\u00f3n p\u00fablica y transformaci\u00f3n, salvo para uso personal y privado<\/p><p>Como titular de este sitio web,<b> <strong> HADDAD GRAU SL<\/strong> <\/b>no garantiza que los contenidos sean precisos o libres de errores o que el libre uso de los mismos por parte de los usuarios no infrinja los derechos de terceros. El buen o mal uso de esta p\u00e1gina y sus contenidos es responsabilidad del usuario. <\/p><p>Asimismo, queda prohibida la reproducci\u00f3n, retransmisi\u00f3n, copia, cesi\u00f3n o redifusi\u00f3n, total o parcial, de la informaci\u00f3n contenida en la p\u00e1gina, cualquiera que sea su finalidad y el medio utilizado para ello, sin autorizaci\u00f3n previa de  <strong> HADDAD GRAU SL<\/strong><\/p><p><b>ENLACES O LINKS<\/b><\/p><p>Este sitio web incluye enlaces o links a sitios de terceros. Las p\u00e1ginas pertenecientes a estos terceros no han sido revisadas ni son objeto de controles por nuestra parte, por lo que   <strong> HADDAD GRAU SL<\/strong>  no podr\u00e1 ser considerado responsable de los contenidos de estos sitios web, ni de las medidas que se adopten relativas a su privacidad o al tratamiento de sus datos de car\u00e1cter personal u otros que puedan derivarse.<\/p><p>Por todo ello, te recomendamos la lectura detenida de las condiciones de uso, pol\u00edtica de privacidad, avisos legales y\/o similares de estos sitios.<\/p><p><b>ENLACES DE AFILIACI\u00d3N DE AMAZON<\/b><\/p><p>Este sitio web, de acuerdo a su finalidad, utiliza enlaces de afiliado de Amazon.<\/p><p>Esto significa que encontrar\u00e1s enlaces de productos de Amazon a los que podr\u00e1s acceder directamente desde nuestro sitio web pero que, en su caso, la compra la realizar\u00e1s en Amazon, bajo sus propias condiciones en ese momento.<\/p><p><b>LIMITACI\u00d3N DE RESPONSABILIDAD<\/b><\/p><p>En ejercicio de su derecho como titular de esta web, te informamos que<strong> HADDAD GRAU SL<\/strong><b> <\/b>no se hace responsable en ning\u00fan caso de:<\/p><p>a calidad del servicio, la velocidad de acceso, el correcto funcionamiento ni la disponibilidad ni continuidad de funcionamiento de la p\u00e1gina.<\/p><p>La existencia de virus, malware, programas maliciosos o da\u00f1inos en los contenidos.<\/p><p>El uso il\u00edcito, negligente, fraudulento o contrario a este Aviso Legal.<\/p><p>La falta de licitud, calidad, fiabilidad, utilidad y disponibilidad de los servicios prestados por terceros y puestos a disposici\u00f3n de los usuarios en este sitio web.<\/p><p>Los da\u00f1os que puedan derivarse del uso ilegal o indebido de este blog.<\/p><p><b>POL\u00cdTICA DE PRIVACIDAD Y PROTECCI\u00d3N DE DATOS<\/b><\/p><p>Este sitio web cumple con la normativa vigente en materia de protecci\u00f3n de datos, lo que implica que, como usuario, deber\u00e1s dar tu consentimiento expreso antes de facilitarnos datos personales a trav\u00e9s de los distintos formularios puestos a disposici\u00f3n en las secciones de nuestra p\u00e1gina.<\/p><p>Por eso, en aras de la transparencia y el ejercicio de tu derecho, nuestro deber es informarte sobre los datos personales que recogemos, almacenamos y tratamos y con qu\u00e9 fines, teniendo en cualquier momento la posibilidad de revocar libremente tu consentimiento.<\/p><p>Toda esta informaci\u00f3n la podr\u00e1s encontrar en nuestra <b>POL\u00cdTICA DE PRIVACIDAD.<\/b><\/p><p><b>POL\u00cdTICA DE COOKIES<\/b><\/p><p>Como te informamos nada m\u00e1s acceder a nuestro sitio web, este sitio utiliza cookies propias y de terceros con el objetivo de proporcionarte la mejor experiencia de usuario y desarrollar nuestra actividad.<\/p><p>En cualquier momento, tendr\u00e1s la opci\u00f3n de configurar tu navegador para desestimar el uso de estas cookies que, en alg\u00fan caso, afectar\u00e1n a tu experiencia de usuario.<\/p><p>Para acceder a la informaci\u00f3n completa sobre el uso de cookies en este sitio web, su finalidad y desestimaci\u00f3n, puedes consultar nuestra <b>POL\u00cdTICA DE COOKIES.<\/b><\/p><p><b>LEGISLACI\u00d3N APLICABLE Y JURISDICCI\u00d3N COMPETENTE<\/b><\/p><p>El presente Aviso Legal est\u00e1 sometido a la legislaci\u00f3n espa\u00f1ola vigente.<\/p><p>En caso necesario, ante cualquier tipo de controversia de car\u00e1cter legal,<strong> HADDAD GRAU SL<\/strong> y el usuario, con renuncia expresa a cualquier otro foro, se someter\u00e1n a los Juzgados y Tribunales del domicilio del Usuario para cualquier controversia que pudiera derivarse.<\/p><p>En caso de que el usuario tenga su domicilio fuera de Espa\u00f1a,<strong> HADDAD GRAU SL<\/strong><b> <\/b>y el usuario se someter\u00e1n, con renuncia expresa a cualquier otro foro, a los juzgados y tribunales de Barcelona (Espa\u00f1a).<\/p><p>Si tienes cualquier duda sobre este Aviso Legal, puedes enviarnos un correo electr\u00f3nico a<strong>info@beirut-barcelona.com<\/strong> .<\/p>\t\t\t\t\t\t\t\t<\/div>\n\t\t\t\t<\/div>\n\t\t\t\t\t<\/div>\n\t\t\t\t<\/div>\n\t\t\t\t<\/div>\n\t\t","protected":false},"excerpt":{"rendered":"<p>AVISO LEGAL Este Aviso Legal tiene el objetivo de informarte de tus derechos y obligaciones como usuario de este sitio web. Aqu\u00ed encontrar\u00e1s toda la informaci\u00f3n que necesitas sobre este sitio web, su actividad, los datos personales que recoge y su finalidad, as\u00ed como las normas de uso que regulan el uso de esta web. [&hellip;]<\/p>\n","protected":false},"author":4,"featured_media":0,"parent":0,"menu_order":0,"comment_status":"closed","ping_status":"closed","template":"elementor_header_footer","meta":{"_acf_changed":false,"inline_featured_image":false,"footnotes":""},"class_list":["post-3629","page","type-page","status-publish","hentry"],"acf":[],"yoast_head":"<!-- This site is optimized with the Yoast SEO plugin v27.4 - https:\/\/yoast.com\/product\/yoast-seo-wordpress\/ -->\n<title>\u25b7Aviso Legal - \u3010 wordpress \u3011<\/title>\n<meta name=\"description\" content=\"AVISO LEGAL Este Aviso Legal tiene el objetivo de informarte de tus derechos y obligaciones como usuario de este sitio web. Aqu\u00ed encontrar\u00e1s toda la \u2713\" \/>\n<meta name=\"robots\" content=\"noindex, nofollow\" \/>\n<meta property=\"og:locale\" content=\"es_ES\" \/>\n<meta property=\"og:type\" content=\"article\" \/>\n<meta property=\"og:title\" content=\"\u25b7Aviso Legal - \u3010 wordpress \u3011\" \/>\n<meta property=\"og:description\" content=\"AVISO LEGAL Este Aviso Legal tiene el objetivo de informarte de tus derechos y obligaciones como usuario de este sitio web. Aqu\u00ed encontrar\u00e1s toda la \u2713\" \/>\n<meta property=\"og:url\" content=\"https:\/\/beirut-barcelona.com\/es\/aviso-legal\/\" \/>\n<meta property=\"og:site_name\" content=\"wordpress\" \/>\n<meta property=\"article:modified_time\" content=\"2025-05-16T15:14:18+00:00\" \/>\n<meta name=\"twitter:card\" content=\"summary_large_image\" \/>\n<meta name=\"twitter:label1\" content=\"Tiempo de lectura\" \/>\n\t<meta name=\"twitter:data1\" content=\"7 minutos\" \/>\n<script type=\"application\/ld+json\" class=\"yoast-schema-graph\">{\"@context\":\"https:\\\/\\\/schema.org\",\"@graph\":[{\"@type\":\"WebPage\",\"@id\":\"https:\\\/\\\/beirut-barcelona.com\\\/es\\\/aviso-legal\\\/\",\"url\":\"https:\\\/\\\/beirut-barcelona.com\\\/es\\\/aviso-legal\\\/\",\"name\":\"\u25b7Aviso Legal - \u3010 wordpress \u3011\",\"isPartOf\":{\"@id\":\"https:\\\/\\\/beirut-barcelona.com\\\/#website\"},\"datePublished\":\"2021-10-16T13:24:59+00:00\",\"dateModified\":\"2025-05-16T15:14:18+00:00\",\"description\":\"AVISO LEGAL Este Aviso Legal tiene el objetivo de informarte de tus derechos y obligaciones como usuario de este sitio web. Aqu\u00ed encontrar\u00e1s toda la \u2713\",\"breadcrumb\":{\"@id\":\"https:\\\/\\\/beirut-barcelona.com\\\/es\\\/aviso-legal\\\/#breadcrumb\"},\"inLanguage\":\"es\",\"potentialAction\":[{\"@type\":\"ReadAction\",\"target\":[\"https:\\\/\\\/beirut-barcelona.com\\\/es\\\/aviso-legal\\\/\"]}]},{\"@type\":\"BreadcrumbList\",\"@id\":\"https:\\\/\\\/beirut-barcelona.com\\\/es\\\/aviso-legal\\\/#breadcrumb\",\"itemListElement\":[{\"@type\":\"ListItem\",\"position\":1,\"name\":\"Portada\",\"item\":\"https:\\\/\\\/beirut-barcelona.com\\\/en\\\/\"},{\"@type\":\"ListItem\",\"position\":2,\"name\":\"Aviso Legal\"}]},{\"@type\":\"WebSite\",\"@id\":\"https:\\\/\\\/beirut-barcelona.com\\\/#website\",\"url\":\"https:\\\/\\\/beirut-barcelona.com\\\/\",\"name\":\"wordpress\",\"description\":\"Just another WordPress site\",\"publisher\":{\"@id\":\"https:\\\/\\\/beirut-barcelona.com\\\/#organization\"},\"potentialAction\":[{\"@type\":\"SearchAction\",\"target\":{\"@type\":\"EntryPoint\",\"urlTemplate\":\"https:\\\/\\\/beirut-barcelona.com\\\/?s={search_term_string}\"},\"query-input\":{\"@type\":\"PropertyValueSpecification\",\"valueRequired\":true,\"valueName\":\"search_term_string\"}}],\"inLanguage\":\"es\"},{\"@type\":\"Organization\",\"@id\":\"https:\\\/\\\/beirut-barcelona.com\\\/#organization\",\"name\":\"wordpress\",\"url\":\"https:\\\/\\\/beirut-barcelona.com\\\/\",\"logo\":{\"@type\":\"ImageObject\",\"inLanguage\":\"es\",\"@id\":\"https:\\\/\\\/beirut-barcelona.com\\\/#\\\/schema\\\/logo\\\/image\\\/\",\"url\":\"https:\\\/\\\/beirut-barcelona.com\\\/wp-content\\\/uploads\\\/2021\\\/10\\\/Frame-9.png\",\"contentUrl\":\"https:\\\/\\\/beirut-barcelona.com\\\/wp-content\\\/uploads\\\/2021\\\/10\\\/Frame-9.png\",\"width\":394,\"height\":60,\"caption\":\"wordpress\"},\"image\":{\"@id\":\"https:\\\/\\\/beirut-barcelona.com\\\/#\\\/schema\\\/logo\\\/image\\\/\"}}]}<\/script>\n<!-- \/ Yoast SEO plugin. -->","yoast_head_json":{"title":"\u25b7Aviso Legal - \u3010 wordpress \u3011","description":"AVISO LEGAL Este Aviso Legal tiene el objetivo de informarte de tus derechos y obligaciones como usuario de este sitio web. Aqu\u00ed encontrar\u00e1s toda la \u2713","robots":{"index":"noindex","follow":"nofollow"},"og_locale":"es_ES","og_type":"article","og_title":"\u25b7Aviso Legal - \u3010 wordpress \u3011","og_description":"AVISO LEGAL Este Aviso Legal tiene el objetivo de informarte de tus derechos y obligaciones como usuario de este sitio web. Aqu\u00ed encontrar\u00e1s toda la \u2713","og_url":"https:\/\/beirut-barcelona.com\/es\/aviso-legal\/","og_site_name":"wordpress","article_modified_time":"2025-05-16T15:14:18+00:00","twitter_card":"summary_large_image","twitter_misc":{"Tiempo de lectura":"7 minutos"},"schema":{"@context":"https:\/\/schema.org","@graph":[{"@type":"WebPage","@id":"https:\/\/beirut-barcelona.com\/es\/aviso-legal\/","url":"https:\/\/beirut-barcelona.com\/es\/aviso-legal\/","name":"\u25b7Aviso Legal - \u3010 wordpress \u3011","isPartOf":{"@id":"https:\/\/beirut-barcelona.com\/#website"},"datePublished":"2021-10-16T13:24:59+00:00","dateModified":"2025-05-16T15:14:18+00:00","description":"AVISO LEGAL Este Aviso Legal tiene el objetivo de informarte de tus derechos y obligaciones como usuario de este sitio web. Aqu\u00ed encontrar\u00e1s toda la \u2713","breadcrumb":{"@id":"https:\/\/beirut-barcelona.com\/es\/aviso-legal\/#breadcrumb"},"inLanguage":"es","potentialAction":[{"@type":"ReadAction","target":["https:\/\/beirut-barcelona.com\/es\/aviso-legal\/"]}]},{"@type":"BreadcrumbList","@id":"https:\/\/beirut-barcelona.com\/es\/aviso-legal\/#breadcrumb","itemListElement":[{"@type":"ListItem","position":1,"name":"Portada","item":"https:\/\/beirut-barcelona.com\/en\/"},{"@type":"ListItem","position":2,"name":"Aviso Legal"}]},{"@type":"WebSite","@id":"https:\/\/beirut-barcelona.com\/#website","url":"https:\/\/beirut-barcelona.com\/","name":"wordpress","description":"Just another WordPress site","publisher":{"@id":"https:\/\/beirut-barcelona.com\/#organization"},"potentialAction":[{"@type":"SearchAction","target":{"@type":"EntryPoint","urlTemplate":"https:\/\/beirut-barcelona.com\/?s={search_term_string}"},"query-input":{"@type":"PropertyValueSpecification","valueRequired":true,"valueName":"search_term_string"}}],"inLanguage":"es"},{"@type":"Organization","@id":"https:\/\/beirut-barcelona.com\/#organization","name":"wordpress","url":"https:\/\/beirut-barcelona.com\/","logo":{"@type":"ImageObject","inLanguage":"es","@id":"https:\/\/beirut-barcelona.com\/#\/schema\/logo\/image\/","url":"https:\/\/beirut-barcelona.com\/wp-content\/uploads\/2021\/10\/Frame-9.png","contentUrl":"https:\/\/beirut-barcelona.com\/wp-content\/uploads\/2021\/10\/Frame-9.png","width":394,"height":60,"caption":"wordpress"},"image":{"@id":"https:\/\/beirut-barcelona.com\/#\/schema\/logo\/image\/"}}]}},"_links":{"self":[{"href":"https:\/\/beirut-barcelona.com\/es\/wp-json\/wp\/v2\/pages\/3629","targetHints":{"allow":["GET"]}}],"collection":[{"href":"https:\/\/beirut-barcelona.com\/es\/wp-json\/wp\/v2\/pages"}],"about":[{"href":"https:\/\/beirut-barcelona.com\/es\/wp-json\/wp\/v2\/types\/page"}],"author":[{"embeddable":true,"href":"https:\/\/beirut-barcelona.com\/es\/wp-json\/wp\/v2\/users\/4"}],"replies":[{"embeddable":true,"href":"https:\/\/beirut-barcelona.com\/es\/wp-json\/wp\/v2\/comments?post=3629"}],"version-history":[{"count":1,"href":"https:\/\/beirut-barcelona.com\/es\/wp-json\/wp\/v2\/pages\/3629\/revisions"}],"predecessor-version":[{"id":3630,"href":"https:\/\/beirut-barcelona.com\/es\/wp-json\/wp\/v2\/pages\/3629\/revisions\/3630"}],"wp:attachment":[{"href":"https:\/\/beirut-barcelona.com\/es\/wp-json\/wp\/v2\/media?parent=3629"}],"curies":[{"name":"wp","href":"https:\/\/api.w.org\/{rel}","templated":true}]}}