{"id":2878,"date":"2025-04-23T20:19:38","date_gmt":"2025-04-23T18:19:38","guid":{"rendered":"https:\/\/beirut-barcelona.com\/nosotros\/"},"modified":"2025-06-06T14:01:26","modified_gmt":"2025-06-06T12:01:26","slug":"nosotros","status":"publish","type":"page","link":"https:\/\/beirut-barcelona.com\/es\/nosotros\/","title":{"rendered":"Nosotros"},"content":{"rendered":"\t\t<div data-elementor-type=\"wp-page\" data-elementor-id=\"2878\" class=\"elementor elementor-2878 elementor-2522\" data-elementor-post-type=\"page\">\n\t\t\t\t<div class=\"elementor-element elementor-element-6d5be32 e-con-full e-flex e-con e-parent\" data-id=\"6d5be32\" data-element_type=\"container\" data-e-type=\"container\" data-settings=\"{&quot;background_background&quot;:&quot;classic&quot;}\">\n\t\t<div class=\"elementor-element elementor-element-438c5c6 e-flex e-con-boxed e-con e-child\" data-id=\"438c5c6\" data-element_type=\"container\" data-e-type=\"container\" data-settings=\"{&quot;background_background&quot;:&quot;classic&quot;,&quot;shape_divider_top&quot;:&quot;curve&quot;,&quot;shape_divider_top_negative&quot;:&quot;yes&quot;}\">\n\t\t\t\t\t<div class=\"e-con-inner\">\n\t\t\t\t<div class=\"elementor-shape elementor-shape-top\" aria-hidden=\"true\" data-negative=\"true\">\n\t\t\t<svg xmlns=\"http:\/\/www.w3.org\/2000\/svg\" viewBox=\"0 0 1000 100\" preserveAspectRatio=\"none\">\n\t<path class=\"elementor-shape-fill\" d=\"M500,97C126.7,96.3,0.8,19.8,0,0v100l1000,0V1C1000,19.4,873.3,97.8,500,97z\"\/>\n<\/svg>\t\t<\/div>\n\t\t<div class=\"elementor-element elementor-element-124e967 e-con-full e-flex e-con e-child\" data-id=\"124e967\" data-element_type=\"container\" data-e-type=\"container\">\n\t\t\t\t<div class=\"elementor-element elementor-element-3874e6d elementor-view-default elementor-widget elementor-widget-icon\" data-id=\"3874e6d\" data-element_type=\"widget\" data-e-type=\"widget\" data-widget_type=\"icon.default\">\n\t\t\t\t<div class=\"elementor-widget-container\">\n\t\t\t\t\t\t\t<div class=\"elementor-icon-wrapper\">\n\t\t\t<div class=\"elementor-icon\">\n\t\t\t<svg xmlns=\"http:\/\/www.w3.org\/2000\/svg\" width=\"57\" height=\"57\" viewBox=\"0 0 57 57\" fill=\"none\"><path d=\"M28.0651 57C43.565 57 56.1301 44.2401 56.1301 28.5C56.1301 12.7599 43.565 0 28.0651 0C12.5652 0 0 12.7599 0 28.5C0 44.2401 12.5652 57 28.0651 57Z\" fill=\"#231F20\"><\/path><path d=\"M28.0651 57C43.565 57 56.1301 44.2401 56.1301 28.5C56.1301 12.7599 43.565 0 28.0651 0C12.5652 0 0 12.7599 0 28.5C0 44.2401 12.5652 57 28.0651 57Z\" fill=\"#EFB321\"><\/path><path d=\"M28.065 52.8274C26.8063 47.0801 23.9742 41.6084 19.5687 37.1406C15.1633 32.6727 9.7745 29.7991 4.11035 28.5C9.7745 27.2207 15.1633 24.347 19.5687 19.8595C23.9742 15.3719 26.8063 9.91991 28.065 4.17267C29.3237 9.91991 32.1557 15.3916 36.5612 19.8595C40.9666 24.3274 46.3554 27.201 52.0196 28.5C46.3554 29.7794 40.9666 32.653 36.5612 37.1406C32.1557 41.6281 29.3237 47.0801 28.065 52.8274Z\" fill=\"#231F20\"><\/path><path d=\"M28.0651 35.4478C31.8993 35.4478 35.0076 32.3372 35.0076 28.5C35.0076 24.6628 31.8993 21.5521 28.0651 21.5521C24.2308 21.5521 21.1226 24.6628 21.1226 28.5C21.1226 32.3372 24.2308 35.4478 28.0651 35.4478Z\" fill=\"white\"><\/path><\/svg>\t\t\t<\/div>\n\t\t<\/div>\n\t\t\t\t\t\t<\/div>\n\t\t\t\t<\/div>\n\t\t\t\t<div class=\"elementor-element elementor-element-83bced5 elementor-view-default elementor-widget elementor-widget-icon\" data-id=\"83bced5\" data-element_type=\"widget\" data-e-type=\"widget\" data-widget_type=\"icon.default\">\n\t\t\t\t<div class=\"elementor-widget-container\">\n\t\t\t\t\t\t\t<div class=\"elementor-icon-wrapper\">\n\t\t\t<div class=\"elementor-icon\">\n\t\t\t<svg xmlns=\"http:\/\/www.w3.org\/2000\/svg\" width=\"57\" height=\"57\" viewBox=\"0 0 57 57\" fill=\"none\"><path d=\"M28.1754 57C43.6753 57 56.2405 44.2401 56.2405 28.5C56.2405 12.7599 43.6753 0 28.1754 0C12.6755 0 0.110352 12.7599 0.110352 28.5C0.110352 44.2401 12.6755 57 28.1754 57Z\" fill=\"#231F20\"><\/path><path d=\"M28.1754 57C43.6753 57 56.2405 44.2401 56.2405 28.5C56.2405 12.7599 43.6753 0 28.1754 0C12.6755 0 0.110352 12.7599 0.110352 28.5C0.110352 44.2401 12.6755 57 28.1754 57Z\" fill=\"#5C82A4\"><\/path><path d=\"M28.1753 52.8274C26.9166 47.0801 24.0845 41.6084 19.6791 37.1406C15.2737 32.6727 9.88485 29.7991 4.2207 28.5C9.88485 27.2207 15.2737 24.347 19.6791 19.8595C24.0845 15.3719 26.9166 9.91991 28.1753 4.17267C29.434 9.91991 32.2661 15.3916 36.6715 19.8595C41.077 24.3274 46.4658 27.201 52.1299 28.5C46.4658 29.7794 41.077 32.653 36.6715 37.1406C32.2661 41.6281 29.434 47.0801 28.1753 52.8274Z\" fill=\"white\"><\/path><path d=\"M28.1754 35.4478C32.0097 35.4478 35.1179 32.3372 35.1179 28.5C35.1179 24.6628 32.0097 21.5521 28.1754 21.5521C24.3412 21.5521 21.2329 24.6628 21.2329 28.5C21.2329 32.3372 24.3412 35.4478 28.1754 35.4478Z\" fill=\"#231F20\"><\/path><\/svg>\t\t\t<\/div>\n\t\t<\/div>\n\t\t\t\t\t\t<\/div>\n\t\t\t\t<\/div>\n\t\t\t\t<div class=\"elementor-element elementor-element-b843960 elementor-view-default elementor-widget elementor-widget-icon\" data-id=\"b843960\" data-element_type=\"widget\" data-e-type=\"widget\" data-widget_type=\"icon.default\">\n\t\t\t\t<div class=\"elementor-widget-container\">\n\t\t\t\t\t\t\t<div class=\"elementor-icon-wrapper\">\n\t\t\t<div class=\"elementor-icon\">\n\t\t\t<svg xmlns=\"http:\/\/www.w3.org\/2000\/svg\" width=\"57\" height=\"57\" viewBox=\"0 0 57 57\" fill=\"none\"><path d=\"M28.9352 57C44.4351 57 57.0002 44.2401 57.0002 28.5C57.0002 12.7599 44.4351 0 28.9352 0C13.4353 0 0.870117 12.7599 0.870117 28.5C0.870117 44.2401 13.4353 57 28.9352 57Z\" fill=\"#231F20\"><\/path><path d=\"M28.9352 57C44.4351 57 57.0002 44.2401 57.0002 28.5C57.0002 12.7599 44.4351 0 28.9352 0C13.4353 0 0.870117 12.7599 0.870117 28.5C0.870117 44.2401 13.4353 57 28.9352 57Z\" fill=\"#231F20\"><\/path><path d=\"M28.9351 52.8274C27.6764 47.0801 24.8443 41.6084 20.4389 37.1406C16.0334 32.6727 10.6446 29.7991 4.98047 28.5C10.6446 27.2207 16.0334 24.347 20.4389 19.8595C24.8443 15.3719 27.6764 9.91991 28.9351 4.17267C30.1938 9.91991 33.0259 15.3916 37.4313 19.8595C41.8368 24.3274 47.2255 27.201 52.8897 28.5C47.2255 29.7794 41.8368 32.653 37.4313 37.1406C33.0259 41.6281 30.1938 47.0801 28.9351 52.8274Z\" fill=\"#EFB321\"><\/path><path d=\"M28.9352 35.4478C32.7694 35.4478 35.8777 32.3372 35.8777 28.5C35.8777 24.6628 32.7694 21.5521 28.9352 21.5521C25.101 21.5521 21.9927 24.6628 21.9927 28.5C21.9927 32.3372 25.101 35.4478 28.9352 35.4478Z\" fill=\"white\"><\/path><\/svg>\t\t\t<\/div>\n\t\t<\/div>\n\t\t\t\t\t\t<\/div>\n\t\t\t\t<\/div>\n\t\t\t\t<\/div>\n\t\t\t\t<div class=\"elementor-element elementor-element-fa937d8 elementor-widget__width-initial elementor-widget elementor-widget-heading\" data-id=\"fa937d8\" data-element_type=\"widget\" data-e-type=\"widget\" data-widget_type=\"heading.default\">\n\t\t\t\t<div class=\"elementor-widget-container\">\n\t\t\t\t\t<h1 class=\"elementor-heading-title elementor-size-default\">Nuestra historia<\/h1>\t\t\t\t<\/div>\n\t\t\t\t<\/div>\n\t\t\t\t<div class=\"elementor-element elementor-element-30d38ae elementor-widget__width-initial elementor-widget elementor-widget-text-editor\" data-id=\"30d38ae\" data-element_type=\"widget\" data-e-type=\"widget\" data-widget_type=\"text-editor.default\">\n\t\t\t\t<div class=\"elementor-widget-container\">\n\t\t\t\t\t\t\t\t\t<p>Bienvenidos a Beirut Barcelona, \u200b\u200bdonde nuestra pasi\u00f3n por la aut\u00e9ntica cocina libanesa transforma cada comida en una experiencia inolvidable.<\/p>\t\t\t\t\t\t\t\t<\/div>\n\t\t\t\t<\/div>\n\t\t\t\t<div class=\"elementor-element elementor-element-8d0baa8 elementor-view-default elementor-widget elementor-widget-icon\" data-id=\"8d0baa8\" data-element_type=\"widget\" data-e-type=\"widget\" data-widget_type=\"icon.default\">\n\t\t\t\t<div class=\"elementor-widget-container\">\n\t\t\t\t\t\t\t<div class=\"elementor-icon-wrapper\">\n\t\t\t<div class=\"elementor-icon\">\n\t\t\t<i aria-hidden=\"true\" class=\"fas fa-circle\"><\/i>\t\t\t<\/div>\n\t\t<\/div>\n\t\t\t\t\t\t<\/div>\n\t\t\t\t<\/div>\n\t\t\t\t<div class=\"elementor-element elementor-element-83f05a7 elementor-widget__width-initial elementor-widget elementor-widget-text-editor\" data-id=\"83f05a7\" data-element_type=\"widget\" data-e-type=\"widget\" data-widget_type=\"text-editor.default\">\n\t\t\t\t<div class=\"elementor-widget-container\">\n\t\t\t\t\t\t\t\t\tNos dedicamos a llevar los sabores vibrantes y las queridas tradiciones del L\u00edbano a Barcelona, \u200b\u200ba trav\u00e9s de nuestro restaurante, bodega y servicios de catering. Nuestro viaje est\u00e1 arraigado en el amor por la comida, inspirada en recetas familiares transmitidas de generaci\u00f3n en generaci\u00f3n. \t\t\t\t\t\t\t\t<\/div>\n\t\t\t\t<\/div>\n\t\t\t\t<div class=\"elementor-element elementor-element-88250b0 elementor-view-default elementor-widget elementor-widget-icon\" data-id=\"88250b0\" data-element_type=\"widget\" data-e-type=\"widget\" data-widget_type=\"icon.default\">\n\t\t\t\t<div class=\"elementor-widget-container\">\n\t\t\t\t\t\t\t<div class=\"elementor-icon-wrapper\">\n\t\t\t<div class=\"elementor-icon\">\n\t\t\t<i aria-hidden=\"true\" class=\"fas fa-circle\"><\/i>\t\t\t<\/div>\n\t\t<\/div>\n\t\t\t\t\t\t<\/div>\n\t\t\t\t<\/div>\n\t\t\t\t<div class=\"elementor-element elementor-element-f39c83f elementor-widget__width-initial elementor-widget elementor-widget-text-editor\" data-id=\"f39c83f\" data-element_type=\"widget\" data-e-type=\"widget\" data-widget_type=\"text-editor.default\">\n\t\t\t\t<div class=\"elementor-widget-container\">\n\t\t\t\t\t\t\t\t\tEn el coraz\u00f3n de nuestra cocina se encuentra el chef Paul Haddad, que lleva m\u00e1s de 26 a\u00f1os compartiendo con Barcelona su pasi\u00f3n por la cocina libanesa. Nacido y criado en Beirut, Paul perfeccion\u00f3 su oficio en la hosteler\u00eda y utiliza t\u00e9cnicas tradicionales libanesas para crear todos los platos. Desde las ricas especias hasta los aromas reconfortantes, su cocina ofrece una cata de la vibrante cultura culinaria del L\u00edbano.  \t\t\t\t\t\t\t\t<\/div>\n\t\t\t\t<\/div>\n\t\t\t\t<div class=\"elementor-element elementor-element-9d96c9c elementor-view-default elementor-widget elementor-widget-icon\" data-id=\"9d96c9c\" data-element_type=\"widget\" data-e-type=\"widget\" data-widget_type=\"icon.default\">\n\t\t\t\t<div class=\"elementor-widget-container\">\n\t\t\t\t\t\t\t<div class=\"elementor-icon-wrapper\">\n\t\t\t<div class=\"elementor-icon\">\n\t\t\t<i aria-hidden=\"true\" class=\"fas fa-circle\"><\/i>\t\t\t<\/div>\n\t\t<\/div>\n\t\t\t\t\t\t<\/div>\n\t\t\t\t<\/div>\n\t\t\t\t<div class=\"elementor-element elementor-element-6301c81 elementor-widget__width-initial elementor-widget elementor-widget-text-editor\" data-id=\"6301c81\" data-element_type=\"widget\" data-e-type=\"widget\" data-widget_type=\"text-editor.default\">\n\t\t\t\t<div class=\"elementor-widget-container\">\n\t\t\t\t\t\t\t\t\tNuestra misi\u00f3n va m\u00e1s all\u00e1 de servir comida halal; se trata de juntar a la gente y crear momentos inolvidables. En Beirut Barcelona, \u200b\u200bcreemos que la comida es m\u00e1s que un alimento: es una forma de conectar, compartir historias y celebrar la vida. Te invitamos a acompa\u00f1arnos en este viaje culinario y experimentar la aut\u00e9ntica riqueza de la cocina libanesa en cada bocado.  \t\t\t\t\t\t\t\t<\/div>\n\t\t\t\t<\/div>\n\t\t<div class=\"elementor-element elementor-element-719f2f1 e-con-full e-flex e-con e-child\" data-id=\"719f2f1\" data-element_type=\"container\" data-e-type=\"container\">\n\t\t\t\t<div class=\"elementor-element elementor-element-65c2fae elementor-view-default elementor-widget elementor-widget-icon\" data-id=\"65c2fae\" data-element_type=\"widget\" data-e-type=\"widget\" data-widget_type=\"icon.default\">\n\t\t\t\t<div class=\"elementor-widget-container\">\n\t\t\t\t\t\t\t<div class=\"elementor-icon-wrapper\">\n\t\t\t<div class=\"elementor-icon\">\n\t\t\t<i aria-hidden=\"true\" class=\"fas fa-circle\"><\/i>\t\t\t<\/div>\n\t\t<\/div>\n\t\t\t\t\t\t<\/div>\n\t\t\t\t<\/div>\n\t\t\t\t<div class=\"elementor-element elementor-element-2e93f47 elementor-view-default elementor-widget elementor-widget-icon\" data-id=\"2e93f47\" data-element_type=\"widget\" data-e-type=\"widget\" data-widget_type=\"icon.default\">\n\t\t\t\t<div class=\"elementor-widget-container\">\n\t\t\t\t\t\t\t<div class=\"elementor-icon-wrapper\">\n\t\t\t<div class=\"elementor-icon\">\n\t\t\t<svg xmlns=\"http:\/\/www.w3.org\/2000\/svg\" width=\"57\" height=\"57\" viewBox=\"0 0 57 57\" fill=\"none\"><path d=\"M28.1754 57C43.6753 57 56.2405 44.2401 56.2405 28.5C56.2405 12.7599 43.6753 0 28.1754 0C12.6755 0 0.110352 12.7599 0.110352 28.5C0.110352 44.2401 12.6755 57 28.1754 57Z\" fill=\"#231F20\"><\/path><path d=\"M28.1754 57C43.6753 57 56.2405 44.2401 56.2405 28.5C56.2405 12.7599 43.6753 0 28.1754 0C12.6755 0 0.110352 12.7599 0.110352 28.5C0.110352 44.2401 12.6755 57 28.1754 57Z\" fill=\"#5C82A4\"><\/path><path d=\"M28.1753 52.8274C26.9166 47.0801 24.0845 41.6084 19.6791 37.1406C15.2737 32.6727 9.88485 29.7991 4.2207 28.5C9.88485 27.2207 15.2737 24.347 19.6791 19.8595C24.0845 15.3719 26.9166 9.91991 28.1753 4.17267C29.434 9.91991 32.2661 15.3916 36.6715 19.8595C41.077 24.3274 46.4658 27.201 52.1299 28.5C46.4658 29.7794 41.077 32.653 36.6715 37.1406C32.2661 41.6281 29.434 47.0801 28.1753 52.8274Z\" fill=\"white\"><\/path><path d=\"M28.1754 35.4478C32.0097 35.4478 35.1179 32.3372 35.1179 28.5C35.1179 24.6628 32.0097 21.5521 28.1754 21.5521C24.3412 21.5521 21.2329 24.6628 21.2329 28.5C21.2329 32.3372 24.3412 35.4478 28.1754 35.4478Z\" fill=\"#231F20\"><\/path><\/svg>\t\t\t<\/div>\n\t\t<\/div>\n\t\t\t\t\t\t<\/div>\n\t\t\t\t<\/div>\n\t\t\t\t<div class=\"elementor-element elementor-element-1723e4b elementor-view-default elementor-widget elementor-widget-icon\" data-id=\"1723e4b\" data-element_type=\"widget\" data-e-type=\"widget\" data-widget_type=\"icon.default\">\n\t\t\t\t<div class=\"elementor-widget-container\">\n\t\t\t\t\t\t\t<div class=\"elementor-icon-wrapper\">\n\t\t\t<div class=\"elementor-icon\">\n\t\t\t<i aria-hidden=\"true\" class=\"fas fa-circle\"><\/i>\t\t\t<\/div>\n\t\t<\/div>\n\t\t\t\t\t\t<\/div>\n\t\t\t\t<\/div>\n\t\t\t\t<\/div>\n\t\t\t\t\t<\/div>\n\t\t\t\t<\/div>\n\t\t\t\t<\/div>\n\t\t\t\t<\/div>\n\t\t","protected":false},"excerpt":{"rendered":"<p>Nuestra historia Bienvenidos a Beirut Barcelona, \u200b\u200bdonde nuestra pasi\u00f3n por la aut\u00e9ntica cocina libanesa transforma cada comida en una experiencia inolvidable. Nos dedicamos a llevar los sabores vibrantes y las queridas tradiciones del L\u00edbano a Barcelona, \u200b\u200ba trav\u00e9s de nuestro restaurante, bodega y servicios de catering. Nuestro viaje est\u00e1 arraigado en el amor por la [&hellip;]<\/p>\n","protected":false},"author":4,"featured_media":0,"parent":0,"menu_order":0,"comment_status":"closed","ping_status":"closed","template":"","meta":{"_acf_changed":false,"inline_featured_image":false,"footnotes":""},"class_list":["post-2878","page","type-page","status-publish","hentry"],"acf":[],"yoast_head":"<!-- This site is optimized with the Yoast SEO plugin v27.4 - https:\/\/yoast.com\/product\/yoast-seo-wordpress\/ -->\n<title>\u25b7Nosotros - \u3010 wordpress \u3011<\/title>\n<meta name=\"description\" content=\"Nuestra historia Bienvenidos a Beirut Barcelona, \u200b\u200bdonde nuestra pasi\u00f3n por la aut\u00e9ntica cocina libanesa transforma cada comida en una experiencia \u2713\" \/>\n<meta name=\"robots\" content=\"index, follow, max-snippet:-1, max-image-preview:large, max-video-preview:-1\" \/>\n<link rel=\"canonical\" href=\"https:\/\/beirut-barcelona.com\/nosaltres\/\" \/>\n<meta property=\"og:locale\" content=\"es_ES\" \/>\n<meta property=\"og:type\" content=\"article\" \/>\n<meta property=\"og:title\" content=\"\u25b7Nosotros - \u3010 wordpress \u3011\" \/>\n<meta property=\"og:description\" content=\"Nuestra historia Bienvenidos a Beirut Barcelona, \u200b\u200bdonde nuestra pasi\u00f3n por la aut\u00e9ntica cocina libanesa transforma cada comida en una experiencia \u2713\" \/>\n<meta property=\"og:url\" content=\"https:\/\/beirut-barcelona.com\/nosaltres\/\" \/>\n<meta property=\"og:site_name\" content=\"wordpress\" \/>\n<meta property=\"article:modified_time\" content=\"2025-06-06T12:01:26+00:00\" \/>\n<meta name=\"twitter:card\" content=\"summary_large_image\" \/>\n<meta name=\"twitter:label1\" content=\"Tiempo de lectura\" \/>\n\t<meta name=\"twitter:data1\" content=\"1 minuto\" \/>\n<script type=\"application\/ld+json\" class=\"yoast-schema-graph\">{\"@context\":\"https:\\\/\\\/schema.org\",\"@graph\":[{\"@type\":\"WebPage\",\"@id\":\"https:\\\/\\\/beirut-barcelona.com\\\/nosaltres\\\/\",\"url\":\"https:\\\/\\\/beirut-barcelona.com\\\/nosaltres\\\/\",\"name\":\"\u25b7Nosotros - \u3010 wordpress \u3011\",\"isPartOf\":{\"@id\":\"https:\\\/\\\/beirut-barcelona.com\\\/#website\"},\"datePublished\":\"2025-04-23T18:19:38+00:00\",\"dateModified\":\"2025-06-06T12:01:26+00:00\",\"description\":\"Nuestra historia Bienvenidos a Beirut Barcelona, \u200b\u200bdonde nuestra pasi\u00f3n por la aut\u00e9ntica cocina libanesa transforma cada comida en una experiencia \u2713\",\"breadcrumb\":{\"@id\":\"https:\\\/\\\/beirut-barcelona.com\\\/nosaltres\\\/#breadcrumb\"},\"inLanguage\":\"es\",\"potentialAction\":[{\"@type\":\"ReadAction\",\"target\":[\"https:\\\/\\\/beirut-barcelona.com\\\/nosaltres\\\/\"]}]},{\"@type\":\"BreadcrumbList\",\"@id\":\"https:\\\/\\\/beirut-barcelona.com\\\/nosaltres\\\/#breadcrumb\",\"itemListElement\":[{\"@type\":\"ListItem\",\"position\":1,\"name\":\"Portada\",\"item\":\"https:\\\/\\\/beirut-barcelona.com\\\/en\\\/\"},{\"@type\":\"ListItem\",\"position\":2,\"name\":\"Nosotros\"}]},{\"@type\":\"WebSite\",\"@id\":\"https:\\\/\\\/beirut-barcelona.com\\\/#website\",\"url\":\"https:\\\/\\\/beirut-barcelona.com\\\/\",\"name\":\"wordpress\",\"description\":\"Just another WordPress site\",\"publisher\":{\"@id\":\"https:\\\/\\\/beirut-barcelona.com\\\/#organization\"},\"potentialAction\":[{\"@type\":\"SearchAction\",\"target\":{\"@type\":\"EntryPoint\",\"urlTemplate\":\"https:\\\/\\\/beirut-barcelona.com\\\/?s={search_term_string}\"},\"query-input\":{\"@type\":\"PropertyValueSpecification\",\"valueRequired\":true,\"valueName\":\"search_term_string\"}}],\"inLanguage\":\"es\"},{\"@type\":\"Organization\",\"@id\":\"https:\\\/\\\/beirut-barcelona.com\\\/#organization\",\"name\":\"wordpress\",\"url\":\"https:\\\/\\\/beirut-barcelona.com\\\/\",\"logo\":{\"@type\":\"ImageObject\",\"inLanguage\":\"es\",\"@id\":\"https:\\\/\\\/beirut-barcelona.com\\\/#\\\/schema\\\/logo\\\/image\\\/\",\"url\":\"https:\\\/\\\/beirut-barcelona.com\\\/wp-content\\\/uploads\\\/2021\\\/10\\\/Frame-9.png\",\"contentUrl\":\"https:\\\/\\\/beirut-barcelona.com\\\/wp-content\\\/uploads\\\/2021\\\/10\\\/Frame-9.png\",\"width\":394,\"height\":60,\"caption\":\"wordpress\"},\"image\":{\"@id\":\"https:\\\/\\\/beirut-barcelona.com\\\/#\\\/schema\\\/logo\\\/image\\\/\"}}]}<\/script>\n<!-- \/ Yoast SEO plugin. -->","yoast_head_json":{"title":"\u25b7Nosotros - \u3010 wordpress \u3011","description":"Nuestra historia Bienvenidos a Beirut Barcelona, \u200b\u200bdonde nuestra pasi\u00f3n por la aut\u00e9ntica cocina libanesa transforma cada comida en una experiencia \u2713","robots":{"index":"index","follow":"follow","max-snippet":"max-snippet:-1","max-image-preview":"max-image-preview:large","max-video-preview":"max-video-preview:-1"},"canonical":"https:\/\/beirut-barcelona.com\/nosaltres\/","og_locale":"es_ES","og_type":"article","og_title":"\u25b7Nosotros - \u3010 wordpress \u3011","og_description":"Nuestra historia Bienvenidos a Beirut Barcelona, \u200b\u200bdonde nuestra pasi\u00f3n por la aut\u00e9ntica cocina libanesa transforma cada comida en una experiencia \u2713","og_url":"https:\/\/beirut-barcelona.com\/nosaltres\/","og_site_name":"wordpress","article_modified_time":"2025-06-06T12:01:26+00:00","twitter_card":"summary_large_image","twitter_misc":{"Tiempo de lectura":"1 minuto"},"schema":{"@context":"https:\/\/schema.org","@graph":[{"@type":"WebPage","@id":"https:\/\/beirut-barcelona.com\/nosaltres\/","url":"https:\/\/beirut-barcelona.com\/nosaltres\/","name":"\u25b7Nosotros - \u3010 wordpress \u3011","isPartOf":{"@id":"https:\/\/beirut-barcelona.com\/#website"},"datePublished":"2025-04-23T18:19:38+00:00","dateModified":"2025-06-06T12:01:26+00:00","description":"Nuestra historia Bienvenidos a Beirut Barcelona, \u200b\u200bdonde nuestra pasi\u00f3n por la aut\u00e9ntica cocina libanesa transforma cada comida en una experiencia \u2713","breadcrumb":{"@id":"https:\/\/beirut-barcelona.com\/nosaltres\/#breadcrumb"},"inLanguage":"es","potentialAction":[{"@type":"ReadAction","target":["https:\/\/beirut-barcelona.com\/nosaltres\/"]}]},{"@type":"BreadcrumbList","@id":"https:\/\/beirut-barcelona.com\/nosaltres\/#breadcrumb","itemListElement":[{"@type":"ListItem","position":1,"name":"Portada","item":"https:\/\/beirut-barcelona.com\/en\/"},{"@type":"ListItem","position":2,"name":"Nosotros"}]},{"@type":"WebSite","@id":"https:\/\/beirut-barcelona.com\/#website","url":"https:\/\/beirut-barcelona.com\/","name":"wordpress","description":"Just another WordPress site","publisher":{"@id":"https:\/\/beirut-barcelona.com\/#organization"},"potentialAction":[{"@type":"SearchAction","target":{"@type":"EntryPoint","urlTemplate":"https:\/\/beirut-barcelona.com\/?s={search_term_string}"},"query-input":{"@type":"PropertyValueSpecification","valueRequired":true,"valueName":"search_term_string"}}],"inLanguage":"es"},{"@type":"Organization","@id":"https:\/\/beirut-barcelona.com\/#organization","name":"wordpress","url":"https:\/\/beirut-barcelona.com\/","logo":{"@type":"ImageObject","inLanguage":"es","@id":"https:\/\/beirut-barcelona.com\/#\/schema\/logo\/image\/","url":"https:\/\/beirut-barcelona.com\/wp-content\/uploads\/2021\/10\/Frame-9.png","contentUrl":"https:\/\/beirut-barcelona.com\/wp-content\/uploads\/2021\/10\/Frame-9.png","width":394,"height":60,"caption":"wordpress"},"image":{"@id":"https:\/\/beirut-barcelona.com\/#\/schema\/logo\/image\/"}}]}},"_links":{"self":[{"href":"https:\/\/beirut-barcelona.com\/es\/wp-json\/wp\/v2\/pages\/2878","targetHints":{"allow":["GET"]}}],"collection":[{"href":"https:\/\/beirut-barcelona.com\/es\/wp-json\/wp\/v2\/pages"}],"about":[{"href":"https:\/\/beirut-barcelona.com\/es\/wp-json\/wp\/v2\/types\/page"}],"author":[{"embeddable":true,"href":"https:\/\/beirut-barcelona.com\/es\/wp-json\/wp\/v2\/users\/4"}],"replies":[{"embeddable":true,"href":"https:\/\/beirut-barcelona.com\/es\/wp-json\/wp\/v2\/comments?post=2878"}],"version-history":[{"count":5,"href":"https:\/\/beirut-barcelona.com\/es\/wp-json\/wp\/v2\/pages\/2878\/revisions"}],"predecessor-version":[{"id":4142,"href":"https:\/\/beirut-barcelona.com\/es\/wp-json\/wp\/v2\/pages\/2878\/revisions\/4142"}],"wp:attachment":[{"href":"https:\/\/beirut-barcelona.com\/es\/wp-json\/wp\/v2\/media?parent=2878"}],"curies":[{"name":"wp","href":"https:\/\/api.w.org\/{rel}","templated":true}]}}